{"id":230,"date":"2019-10-30T11:06:47","date_gmt":"2019-10-30T11:06:47","guid":{"rendered":"http:\/\/reacte.ugent.be\/?page_id=230"},"modified":"2020-02-27T11:01:16","modified_gmt":"2020-02-27T10:01:16","slug":"organisation","status":"publish","type":"page","link":"https:\/\/termeval.ugent.be\/fr\/organisation\/","title":{"rendered":"Organisation"},"content":{"rendered":"\n<p><strong>TermEval Organisers:<\/strong><\/p>\n\n\n\n<p>Ayla Rigouts Terryn, Els Lefever, &amp; V\u00e9ronique Hoste <br>LT3 Language and Translation Technology Team, Ghent University<\/p>\n\n\n\n<figure class=\"wp-block-image size-large is-resized\"><img loading=\"lazy\" src=\"https:\/\/termeval.ugent.be\/wp-content\/uploads\/2020\/02\/lt3_logo-1-1024x439.png\" alt=\"LT3 Language and Translation Technology Team\" class=\"wp-image-564\" width=\"186\" height=\"79\" srcset=\"https:\/\/termeval.ugent.be\/wp-content\/uploads\/2020\/02\/lt3_logo-1-1024x439.png 1024w, https:\/\/termeval.ugent.be\/wp-content\/uploads\/2020\/02\/lt3_logo-1-300x128.png 300w, https:\/\/termeval.ugent.be\/wp-content\/uploads\/2020\/02\/lt3_logo-1-768x329.png 768w, https:\/\/termeval.ugent.be\/wp-content\/uploads\/2020\/02\/lt3_logo-1.png 1478w\" sizes=\"(max-width: 186px) 100vw, 186px\" \/><\/figure>\n\n\n\n<p>Patrick Drouin<br>OLST Observatoire de Linguistique Sens-Texte, Universit\u00e9 de Montr\u00e9al<\/p>\n\n\n\n<figure class=\"wp-block-image size-large is-resized\"><img loading=\"lazy\" src=\"https:\/\/termeval.ugent.be\/wp-content\/uploads\/2020\/02\/olst_logo.jpg\" alt=\"Observatoire de linguistique Sens-Texte\" class=\"wp-image-566\" width=\"59\" height=\"71\"\/><\/figure>\n\n\n\n<p>Contact<strong>: <\/strong>ayla.rigoutsterryn@ugent.be<\/p>\n\n\n\n<p><\/p>\n\n\n\n<p><strong>CompuTerm (main workshop) organisers:<\/strong><\/p>\n\n\n\n<p>B\u00e9atrice Daille, LS2N, Universit\u00e9 de Nantes, France<br>Ayla Rigouts Terryn, LT3, Ghent University, Belgium<br>Kyo Kageura, University of Tokyo, Japan<\/p>\n\n\n\n<p>More information on the main workshop: <a href=\"https:\/\/sites.google.com\/view\/computerm2020\">https:\/\/sites.google.com\/view\/computerm2020 <\/a><\/p>\n","protected":false},"excerpt":{"rendered":"<p>TermEval Organisers: Ayla Rigouts Terryn, Els Lefever, &amp; V\u00e9ronique Hoste LT3 Language and Translation Technology Team, Ghent University Patrick DrouinOLST Observatoire de Linguistique Sens-Texte, Universit\u00e9 de Montr\u00e9al Contact: ayla.rigoutsterryn@ugent.be CompuTerm (main workshop) organisers: B\u00e9atrice Daille, LS2N, Universit\u00e9 de Nantes, FranceAyla Rigouts Terryn, LT3, Ghent University, BelgiumKyo Kageura, University of Tokyo, Japan More information on the [&hellip;]<\/p>\n","protected":false},"author":2,"featured_media":0,"parent":0,"menu_order":0,"comment_status":"closed","ping_status":"closed","template":"","meta":[],"translation":{"provider":"WPGlobus","version":"2.8.11","language":"fr","enabled_languages":["en","es","de","fr","nl"],"languages":{"en":{"title":true,"content":true,"excerpt":false},"es":{"title":false,"content":false,"excerpt":false},"de":{"title":false,"content":false,"excerpt":false},"fr":{"title":false,"content":false,"excerpt":false},"nl":{"title":false,"content":false,"excerpt":false}}},"_links":{"self":[{"href":"https:\/\/termeval.ugent.be\/fr\/wp-json\/wp\/v2\/pages\/230"}],"collection":[{"href":"https:\/\/termeval.ugent.be\/fr\/wp-json\/wp\/v2\/pages"}],"about":[{"href":"https:\/\/termeval.ugent.be\/fr\/wp-json\/wp\/v2\/types\/page"}],"author":[{"embeddable":true,"href":"https:\/\/termeval.ugent.be\/fr\/wp-json\/wp\/v2\/users\/2"}],"replies":[{"embeddable":true,"href":"https:\/\/termeval.ugent.be\/fr\/wp-json\/wp\/v2\/comments?post=230"}],"version-history":[{"count":19,"href":"https:\/\/termeval.ugent.be\/fr\/wp-json\/wp\/v2\/pages\/230\/revisions"}],"predecessor-version":[{"id":568,"href":"https:\/\/termeval.ugent.be\/fr\/wp-json\/wp\/v2\/pages\/230\/revisions\/568"}],"wp:attachment":[{"href":"https:\/\/termeval.ugent.be\/fr\/wp-json\/wp\/v2\/media?parent=230"}],"curies":[{"name":"wp","href":"https:\/\/api.w.org\/{rel}","templated":true}]}}